{"id":523,"date":"2022-05-24T17:02:30","date_gmt":"2022-05-24T17:02:30","guid":{"rendered":"https:\/\/beta.ledossard.com\/accueil\/?page_id=523"},"modified":"2022-07-11T10:37:27","modified_gmt":"2022-07-11T09:37:27","slug":"dossards","status":"publish","type":"page","link":"https:\/\/accueil.ledossard.com\/index.php\/dossards\/","title":{"rendered":"Fabrication dossards"},"content":{"rendered":"<p>[et_pb_section fb_built=\u00a0\u00bb1&Prime; next_background_color=\u00a0\u00bb#ffffff\u00a0\u00bb admin_label=\u00a0\u00bbAccueil\u00a0\u00bb module_id=\u00a0\u00bbaccueil\u00a0\u00bb _builder_version=\u00a0\u00bb4.17.4&Prime; _module_preset=\u00a0\u00bbdefault\u00a0\u00bb background_image=\u00a0\u00bbhttps:\/\/accueil.ledossard.com\/wp-content\/uploads\/2022\/06\/mur-dossards3b.png\u00a0\u00bb parallax=\u00a0\u00bbon\u00a0\u00bb background_enable_mask_style=\u00a0\u00bbon\u00a0\u00bb background_mask_size=\u00a0\u00bbcover\u00a0\u00bb vertical_offset=\u00a0\u00bb0px\u00a0\u00bb vertical_offset_tablet=\u00a0\u00bb-86px\u00a0\u00bb vertical_offset_phone=\u00a0\u00bb-86px\u00a0\u00bb vertical_offset_last_edited=\u00a0\u00bbon|desktop\u00a0\u00bb width=\u00a0\u00bb100%\u00a0\u00bb max_width=\u00a0\u00bb100%\u00a0\u00bb max_width_tablet=\u00a0\u00bb100%\u00a0\u00bb max_width_phone=\u00a0\u00bb100%\u00a0\u00bb max_width_last_edited=\u00a0\u00bbon|tablet\u00a0\u00bb module_alignment=\u00a0\u00bbright\u00a0\u00bb min_height=\u00a0\u00bb334px\u00a0\u00bb custom_margin=\u00a0\u00bb||||false|false\u00a0\u00bb custom_padding=\u00a0\u00bb||||false|false\u00a0\u00bb top_divider_color=\u00a0\u00bb#FFFFFF\u00a0\u00bb top_divider_height=\u00a0\u00bb307px\u00a0\u00bb top_divider_repeat=\u00a0\u00bb1x\u00a0\u00bb top_divider_height_tablet=\u00a0\u00bb178px\u00a0\u00bb top_divider_height_phone=\u00a0\u00bb145px\u00a0\u00bb top_divider_height_last_edited=\u00a0\u00bbon|phone\u00a0\u00bb bottom_divider_style=\u00a0\u00bbasymmetric\u00a0\u00bb bottom_divider_height=\u00a0\u00bb135px\u00a0\u00bb bottom_divider_flip=\u00a0\u00bbhorizontal\u00a0\u00bb background_last_edited=\u00a0\u00bbon|phone\u00a0\u00bb parallax_tablet=\u00a0\u00bboff\u00a0\u00bb parallax_phone=\u00a0\u00bboff\u00a0\u00bb background_size_tablet=\u00a0\u00bbcover\u00a0\u00bb background_size_phone=\u00a0\u00bbcover\u00a0\u00bb background_image_width_phone=\u00a0\u00bb85%\u00a0\u00bb background_image_height_phone=\u00a0\u00bb42%\u00a0\u00bb background_position_tablet=\u00a0\u00bbcenter\u00a0\u00bb background_position_phone=\u00a0\u00bbcenter\u00a0\u00bb background_horizontal_offset_tablet=\u00a0\u00bb0%\u00a0\u00bb background_horizontal_offset_phone=\u00a0\u00bb0%\u00a0\u00bb background_vertical_offset_tablet=\u00a0\u00bb0%\u00a0\u00bb background_vertical_offset_phone=\u00a0\u00bb0%\u00a0\u00bb background_enable_mask_style_tablet=\u00a0\u00bbon\u00a0\u00bb background_enable_mask_style_phone=\u00a0\u00bbon\u00a0\u00bb background_mask_style_tablet=\u00a0\u00bbwave\u00a0\u00bb background_mask_style_phone=\u00a0\u00bbwave\u00a0\u00bb background_mask_transform_tablet=\u00a0\u00bbinvert|rotate_90_degree|flip_horizontal\u00a0\u00bb background_mask_transform_phone=\u00a0\u00bbinvert|rotate_90_degree\u00a0\u00bb background_mask_aspect_ratio_phone=\u00a0\u00bblandscape\u00a0\u00bb background_mask_size_phone=\u00a0\u00bbcover\u00a0\u00bb background_mask_position_tablet=\u00a0\u00bbcenter\u00a0\u00bb da_popup_slug=\u00a0\u00bbaccueil\u00a0\u00bb da_disable_devices=\u00a0\u00bboff|off|off\u00a0\u00bb global_colors_info=\u00a0\u00bb{}\u00a0\u00bb da_is_popup=\u00a0\u00bboff\u00a0\u00bb da_exit_intent=\u00a0\u00bboff\u00a0\u00bb da_has_close=\u00a0\u00bbon\u00a0\u00bb da_alt_close=\u00a0\u00bboff\u00a0\u00bb da_dark_close=\u00a0\u00bboff\u00a0\u00bb da_not_modal=\u00a0\u00bbon\u00a0\u00bb da_is_singular=\u00a0\u00bboff\u00a0\u00bb da_with_loader=\u00a0\u00bboff\u00a0\u00bb da_has_shadow=\u00a0\u00bbon\u00a0\u00bb][et_pb_row column_structure=\u00a0\u00bb1_2,1_2&Prime; _builder_version=\u00a0\u00bb4.17.4&Prime; _module_preset=\u00a0\u00bbdefault\u00a0\u00bb width=\u00a0\u00bb100%\u00a0\u00bb max_width=\u00a0\u00bb100%\u00a0\u00bb min_height=\u00a0\u00bb470px\u00a0\u00bb min_height_tablet=\u00a0\u00bb420px\u00a0\u00bb min_height_phone=\u00a0\u00bbauto\u00a0\u00bb min_height_last_edited=\u00a0\u00bbon|phone\u00a0\u00bb global_colors_info=\u00a0\u00bb{}\u00a0\u00bb][et_pb_column type=\u00a0\u00bb1_2&Prime; _builder_version=\u00a0\u00bb4.17.3&Prime; _module_preset=\u00a0\u00bbdefault\u00a0\u00bb global_colors_info=\u00a0\u00bb{}\u00a0\u00bb][et_pb_blurb title=\u00a0\u00bbDossards personnalis\u00e9s\u00a0\u00bb image_icon_width=\u00a0\u00bb300%\u00a0\u00bb icon_placement_tablet=\u00a0\u00bb\u00a0\u00bb icon_placement_phone=\u00a0\u00bbleft\u00a0\u00bb icon_placement_last_edited=\u00a0\u00bbon|phone\u00a0\u00bb content_max_width_tablet=\u00a0\u00bb375px\u00a0\u00bb content_max_width_phone=\u00a0\u00bb375px\u00a0\u00bb content_max_width_last_edited=\u00a0\u00bbon|desktop\u00a0\u00bb admin_label=\u00a0\u00bbSlogan\u00a0\u00bb _builder_version=\u00a0\u00bb4.17.4&Prime; _module_preset=\u00a0\u00bbdefault\u00a0\u00bb header_font=\u00a0\u00bbAmiko|700|||||||\u00a0\u00bb header_text_align=\u00a0\u00bbcenter\u00a0\u00bb header_font_size=\u00a0\u00bb40px\u00a0\u00bb body_text_align=\u00a0\u00bbcenter\u00a0\u00bb body_font_size=\u00a0\u00bb20px\u00a0\u00bb body_line_height=\u00a0\u00bb1.2em\u00a0\u00bb image_icon_custom_padding=\u00a0\u00bb0px|||28px|false|false\u00a0\u00bb text_orientation=\u00a0\u00bbcenter\u00a0\u00bb min_height=\u00a0\u00bb366px\u00a0\u00bb height=\u00a0\u00bb352px\u00a0\u00bb custom_margin=\u00a0\u00bb39px|0px|0px|-57px|false|false\u00a0\u00bb custom_padding=\u00a0\u00bb||||false|false\u00a0\u00bb body_font_last_edited=\u00a0\u00bboff|desktop\u00a0\u00bb border_radii_image=\u00a0\u00bbon|25%|25%|25%|25%\u00a0\u00bb border_width_all_image=\u00a0\u00bb0px\u00a0\u00bb global_colors_info=\u00a0\u00bb{}\u00a0\u00bb]<\/p>\n<p>Tarif unique pour une personnalisation sans concession<\/p>\n<p>[\/et_pb_blurb][\/et_pb_column][et_pb_column type=\u00a0\u00bb1_2&Prime; _builder_version=\u00a0\u00bb4.17.4&Prime; _module_preset=\u00a0\u00bbdefault\u00a0\u00bb global_colors_info=\u00a0\u00bb{}\u00a0\u00bb][\/et_pb_column][\/et_pb_row][\/et_pb_section][et_pb_section fb_built=\u00a0\u00bb1&Prime; prev_background_color=\u00a0\u00bb#ffffff\u00a0\u00bb admin_label=\u00a0\u00bb#Qui\u00a0\u00bb module_id=\u00a0\u00bbqui\u00a0\u00bb _builder_version=\u00a0\u00bb4.17.4&Prime; _module_preset=\u00a0\u00bbdefault\u00a0\u00bb use_background_color_gradient=\u00a0\u00bbon\u00a0\u00bb background_enable_mask_style=\u00a0\u00bbon\u00a0\u00bb background_mask_style=\u00a0\u00bbcorner-pill\u00a0\u00bb background_mask_transform=\u00a0\u00bbflip_horizontal\u00a0\u00bb background_mask_aspect_ratio=\u00a0\u00bbsquare\u00a0\u00bb background_mask_size=\u00a0\u00bbcover\u00a0\u00bb top_divider_style=\u00a0\u00bbcurve\u00a0\u00bb da_popup_slug=\u00a0\u00bbqui\u00a0\u00bb da_disable_devices=\u00a0\u00bboff|off|off\u00a0\u00bb global_colors_info=\u00a0\u00bb{}\u00a0\u00bb da_is_popup=\u00a0\u00bboff\u00a0\u00bb da_exit_intent=\u00a0\u00bboff\u00a0\u00bb da_has_close=\u00a0\u00bbon\u00a0\u00bb da_alt_close=\u00a0\u00bboff\u00a0\u00bb da_dark_close=\u00a0\u00bboff\u00a0\u00bb da_not_modal=\u00a0\u00bbon\u00a0\u00bb da_is_singular=\u00a0\u00bboff\u00a0\u00bb da_with_loader=\u00a0\u00bboff\u00a0\u00bb da_has_shadow=\u00a0\u00bbon\u00a0\u00bb][et_pb_row column_structure=\u00a0\u00bb1_2,1_2&Prime; _builder_version=\u00a0\u00bb4.17.4&Prime; _module_preset=\u00a0\u00bbdefault\u00a0\u00bb global_colors_info=\u00a0\u00bb{}\u00a0\u00bb][et_pb_column type=\u00a0\u00bb1_2&Prime; _builder_version=\u00a0\u00bb4.17.4&Prime; _module_preset=\u00a0\u00bbdefault\u00a0\u00bb global_colors_info=\u00a0\u00bb{}\u00a0\u00bb][\/et_pb_column][et_pb_column type=\u00a0\u00bb1_2&Prime; _builder_version=\u00a0\u00bb4.17.4&Prime; _module_preset=\u00a0\u00bbdefault\u00a0\u00bb global_colors_info=\u00a0\u00bb{}\u00a0\u00bb][et_pb_blurb title=\u00a0\u00bbGallerie de dossards\u00a0\u00bb use_icon=\u00a0\u00bbon\u00a0\u00bb font_icon=\u00a0\u00bb&#xf70c;||fa||900&Prime; icon_color=\u00a0\u00bbrgba(5,63,96,0.67)\u00a0\u00bb image_icon_width=\u00a0\u00bb500%\u00a0\u00bb admin_label=\u00a0\u00bbPour qui\u00a0\u00bb _builder_version=\u00a0\u00bb4.17.4&Prime; _module_preset=\u00a0\u00bbdefault\u00a0\u00bb header_font_size=\u00a0\u00bb300%\u00a0\u00bb text_orientation=\u00a0\u00bbcenter\u00a0\u00bb border_radii_image=\u00a0\u00bbon|50%|50%|50%|50%\u00a0\u00bb border_color_all_image=\u00a0\u00bb#0C71C3&Prime; global_colors_info=\u00a0\u00bb{}\u00a0\u00bb][\/et_pb_blurb][\/et_pb_column][\/et_pb_row][et_pb_row _builder_version=\u00a0\u00bb4.17.4&Prime; _module_preset=\u00a0\u00bbdefault\u00a0\u00bb width=\u00a0\u00bb85%\u00a0\u00bb max_width=\u00a0\u00bb100%\u00a0\u00bb global_colors_info=\u00a0\u00bb{}\u00a0\u00bb][et_pb_column type=\u00a0\u00bb4_4&Prime; _builder_version=\u00a0\u00bb4.17.4&Prime; _module_preset=\u00a0\u00bbdefault\u00a0\u00bb global_colors_info=\u00a0\u00bb{}\u00a0\u00bb][et_pb_gallery gallery_ids=\u00a0\u00bb549,548,547,546,545,542,541,532,533,534,535,536,537,538,539,531,530,529&Prime; show_title_and_caption=\u00a0\u00bboff\u00a0\u00bb hover_icon=\u00a0\u00bb&#xf002;||fa||900&Prime; _builder_version=\u00a0\u00bb4.17.4&Prime; _module_preset=\u00a0\u00bbdefault\u00a0\u00bb pagination_font=\u00a0\u00bb|600|||||||\u00a0\u00bb pagination_text_color=\u00a0\u00bb#0C71C3&Prime; pagination_font_size=\u00a0\u00bb20px\u00a0\u00bb background_enable_image=\u00a0\u00bboff\u00a0\u00bb background_blend=\u00a0\u00bblighten\u00a0\u00bb border_radii=\u00a0\u00bbon|0%|0%|0%|0%\u00a0\u00bb global_colors_info=\u00a0\u00bb{}\u00a0\u00bb][\/et_pb_gallery][\/et_pb_column][\/et_pb_row][\/et_pb_section][et_pb_section fb_built=\u00a0\u00bb1&Prime; prev_background_color=\u00a0\u00bb#ffffff\u00a0\u00bb next_background_color=\u00a0\u00bb#ffffff\u00a0\u00bb admin_label=\u00a0\u00bb#Qui\u00a0\u00bb module_id=\u00a0\u00bbqui\u00a0\u00bb _builder_version=\u00a0\u00bb4.17.4&Prime; _module_preset=\u00a0\u00bbdefault\u00a0\u00bb use_background_color_gradient=\u00a0\u00bbon\u00a0\u00bb background_enable_mask_style=\u00a0\u00bbon\u00a0\u00bb background_mask_style=\u00a0\u00bbhoneycomb\u00a0\u00bb background_mask_transform=\u00a0\u00bbflip_horizontal\u00a0\u00bb background_mask_aspect_ratio=\u00a0\u00bbsquare\u00a0\u00bb background_mask_size=\u00a0\u00bbcover\u00a0\u00bb top_divider_style=\u00a0\u00bbcurve\u00a0\u00bb bottom_divider_style=\u00a0\u00bbcurve\u00a0\u00bb da_popup_slug=\u00a0\u00bbqui\u00a0\u00bb da_disable_devices=\u00a0\u00bboff|off|off\u00a0\u00bb global_colors_info=\u00a0\u00bb{}\u00a0\u00bb da_is_popup=\u00a0\u00bboff\u00a0\u00bb da_exit_intent=\u00a0\u00bboff\u00a0\u00bb da_has_close=\u00a0\u00bbon\u00a0\u00bb da_alt_close=\u00a0\u00bboff\u00a0\u00bb da_dark_close=\u00a0\u00bboff\u00a0\u00bb da_not_modal=\u00a0\u00bbon\u00a0\u00bb da_is_singular=\u00a0\u00bboff\u00a0\u00bb da_with_loader=\u00a0\u00bboff\u00a0\u00bb da_has_shadow=\u00a0\u00bbon\u00a0\u00bb][et_pb_row column_structure=\u00a0\u00bb1_2,1_2&Prime; _builder_version=\u00a0\u00bb4.17.4&Prime; _module_preset=\u00a0\u00bbdefault\u00a0\u00bb global_colors_info=\u00a0\u00bb{}\u00a0\u00bb][et_pb_column type=\u00a0\u00bb1_2&Prime; _builder_version=\u00a0\u00bb4.17.4&Prime; _module_preset=\u00a0\u00bbdefault\u00a0\u00bb global_colors_info=\u00a0\u00bb{}\u00a0\u00bb][\/et_pb_column][et_pb_column type=\u00a0\u00bb1_2&Prime; _builder_version=\u00a0\u00bb4.17.4&Prime; _module_preset=\u00a0\u00bbdefault\u00a0\u00bb global_colors_info=\u00a0\u00bb{}\u00a0\u00bb][et_pb_blurb title=\u00a0\u00bbGallerie plaques VTT\u00a0\u00bb use_icon=\u00a0\u00bbon\u00a0\u00bb font_icon=\u00a0\u00bb&#xf206;||fa||900&Prime; icon_color=\u00a0\u00bbrgba(5,63,96,0.67)\u00a0\u00bb image_icon_width=\u00a0\u00bb500%\u00a0\u00bb admin_label=\u00a0\u00bbPour qui\u00a0\u00bb _builder_version=\u00a0\u00bb4.17.4&Prime; _module_preset=\u00a0\u00bbdefault\u00a0\u00bb header_font_size=\u00a0\u00bb300%\u00a0\u00bb text_orientation=\u00a0\u00bbcenter\u00a0\u00bb border_radii_image=\u00a0\u00bbon|50%|50%|50%|50%\u00a0\u00bb border_color_all_image=\u00a0\u00bb#0C71C3&Prime; global_colors_info=\u00a0\u00bb{}\u00a0\u00bb][\/et_pb_blurb][\/et_pb_column][\/et_pb_row][et_pb_row _builder_version=\u00a0\u00bb4.17.4&Prime; _module_preset=\u00a0\u00bbdefault\u00a0\u00bb width=\u00a0\u00bb85%\u00a0\u00bb max_width=\u00a0\u00bb100%\u00a0\u00bb global_colors_info=\u00a0\u00bb{}\u00a0\u00bb][et_pb_column type=\u00a0\u00bb4_4&Prime; _builder_version=\u00a0\u00bb4.17.4&Prime; _module_preset=\u00a0\u00bbdefault\u00a0\u00bb global_colors_info=\u00a0\u00bb{}\u00a0\u00bb][et_pb_gallery gallery_ids=\u00a0\u00bb544,543&Prime; show_title_and_caption=\u00a0\u00bboff\u00a0\u00bb hover_icon=\u00a0\u00bb&#xf002;||fa||900&Prime; _builder_version=\u00a0\u00bb4.17.4&Prime; _module_preset=\u00a0\u00bbdefault\u00a0\u00bb pagination_font=\u00a0\u00bb|600|||||||\u00a0\u00bb pagination_text_color=\u00a0\u00bb#0C71C3&Prime; pagination_font_size=\u00a0\u00bb20px\u00a0\u00bb background_enable_image=\u00a0\u00bboff\u00a0\u00bb background_blend=\u00a0\u00bblighten\u00a0\u00bb border_radii=\u00a0\u00bbon|0%|0%|0%|0%\u00a0\u00bb global_colors_info=\u00a0\u00bb{}\u00a0\u00bb][\/et_pb_gallery][\/et_pb_column][\/et_pb_row][\/et_pb_section][et_pb_section fb_built=\u00a0\u00bb1&Prime; prev_background_color=\u00a0\u00bb#ffffff\u00a0\u00bb next_background_color=\u00a0\u00bbrgba(0,0,0,0.39)\u00a0\u00bb admin_label=\u00a0\u00bbTarif\u00a0\u00bb module_id=\u00a0\u00bbtarif_dossard\u00a0\u00bb _builder_version=\u00a0\u00bb4.17.4&Prime; _module_preset=\u00a0\u00bbdefault\u00a0\u00bb use_background_color_gradient=\u00a0\u00bbon\u00a0\u00bb background_enable_mask_style=\u00a0\u00bbon\u00a0\u00bb background_mask_style=\u00a0\u00bbtriangles\u00a0\u00bb background_mask_transform=\u00a0\u00bbflip_horizontal\u00a0\u00bb background_mask_aspect_ratio=\u00a0\u00bbportrait\u00a0\u00bb background_mask_size=\u00a0\u00bbcover\u00a0\u00bb top_divider_style=\u00a0\u00bbcurve\u00a0\u00bb bottom_divider_style=\u00a0\u00bbcurve\u00a0\u00bb da_popup_slug=\u00a0\u00bbtarif_dossard\u00a0\u00bb da_disable_devices=\u00a0\u00bboff|off|off\u00a0\u00bb global_colors_info=\u00a0\u00bb{}\u00a0\u00bb da_is_popup=\u00a0\u00bboff\u00a0\u00bb da_exit_intent=\u00a0\u00bboff\u00a0\u00bb da_has_close=\u00a0\u00bbon\u00a0\u00bb da_alt_close=\u00a0\u00bboff\u00a0\u00bb da_dark_close=\u00a0\u00bboff\u00a0\u00bb da_not_modal=\u00a0\u00bbon\u00a0\u00bb da_is_singular=\u00a0\u00bboff\u00a0\u00bb da_with_loader=\u00a0\u00bboff\u00a0\u00bb da_has_shadow=\u00a0\u00bbon\u00a0\u00bb][et_pb_row column_structure=\u00a0\u00bb1_2,1_2&Prime; _builder_version=\u00a0\u00bb4.17.4&Prime; _module_preset=\u00a0\u00bbdefault\u00a0\u00bb global_colors_info=\u00a0\u00bb{}\u00a0\u00bb][et_pb_column type=\u00a0\u00bb1_2&Prime; _builder_version=\u00a0\u00bb4.17.4&Prime; _module_preset=\u00a0\u00bbdefault\u00a0\u00bb global_colors_info=\u00a0\u00bb{}\u00a0\u00bb][\/et_pb_column][et_pb_column type=\u00a0\u00bb1_2&Prime; _builder_version=\u00a0\u00bb4.17.4&Prime; _module_preset=\u00a0\u00bbdefault\u00a0\u00bb global_colors_info=\u00a0\u00bb{}\u00a0\u00bb][et_pb_blurb title=\u00a0\u00bbTarifs\u00a0\u00bb use_icon=\u00a0\u00bbon\u00a0\u00bb font_icon=\u00a0\u00bb&#xf02c;||fa||900&Prime; icon_color=\u00a0\u00bbrgba(5,63,96,0.67)\u00a0\u00bb image_icon_width=\u00a0\u00bb70px\u00a0\u00bb admin_label=\u00a0\u00bbPour qui\u00a0\u00bb _builder_version=\u00a0\u00bb4.17.4&Prime; _module_preset=\u00a0\u00bbdefault\u00a0\u00bb header_font=\u00a0\u00bb|600|||||||\u00a0\u00bb header_text_color=\u00a0\u00bb#545454&Prime; header_font_size=\u00a0\u00bb50px\u00a0\u00bb body_font_size=\u00a0\u00bb20px\u00a0\u00bb text_orientation=\u00a0\u00bbcenter\u00a0\u00bb border_radii_image=\u00a0\u00bbon|50%|50%|50%|50%\u00a0\u00bb border_color_all_image=\u00a0\u00bb#0C71C3&Prime; global_colors_info=\u00a0\u00bb{}\u00a0\u00bb]<\/p>\n<p>Une Tarification adapt\u00e9e \u00e0 chaque besoin<\/p>\n<p>[\/et_pb_blurb][\/et_pb_column][\/et_pb_row][et_pb_row _builder_version=\u00a0\u00bb4.17.4&Prime; _module_preset=\u00a0\u00bbdefault\u00a0\u00bb width=\u00a0\u00bb90%\u00a0\u00bb max_width=\u00a0\u00bb100%\u00a0\u00bb global_colors_info=\u00a0\u00bb{}\u00a0\u00bb][et_pb_column type=\u00a0\u00bb4_4&Prime; _builder_version=\u00a0\u00bb4.17.4&Prime; _module_preset=\u00a0\u00bbdefault\u00a0\u00bb global_colors_info=\u00a0\u00bb{}\u00a0\u00bb][et_pb_pricing_tables _builder_version=\u00a0\u00bb4.17.4&Prime; _module_preset=\u00a0\u00bbdefault\u00a0\u00bb body_font_size=\u00a0\u00bb20px\u00a0\u00bb currency_frequency_font_size=\u00a0\u00bb13px\u00a0\u00bb currency_frequency_line_height=\u00a0\u00bb1.2em\u00a0\u00bb custom_button=\u00a0\u00bbon\u00a0\u00bb button_text_size=\u00a0\u00bb100%\u00a0\u00bb button_text_color=\u00a0\u00bb#000000&Prime; button_border_radius=\u00a0\u00bb50px\u00a0\u00bb button_icon=\u00a0\u00bb&#xf2b6;||fa||900&Prime; button_icon_placement=\u00a0\u00bbleft\u00a0\u00bb button_on_hover=\u00a0\u00bboff\u00a0\u00bb button_alignment=\u00a0\u00bbcenter\u00a0\u00bb global_colors_info=\u00a0\u00bb{}\u00a0\u00bb][et_pb_pricing_table title=\u00a0\u00bbDossards seuls\u00a0\u00bb subtitle=\u00a0\u00bbN\u00e9goce simple\u00a0\u00bb currency=\u00a0\u00bb\u20ac TTC\u00a0\u00bb sum=\u00a0\u00bb0,40&Prime; button_url=\u00a0\u00bb\/index.php\/contactez-nous\/\u00a0\u00bb button_text=\u00a0\u00bbContactez-nous\u00a0\u00bb _builder_version=\u00a0\u00bb4.17.4&Prime; _module_preset=\u00a0\u00bbdefault\u00a0\u00bb button_alignment=\u00a0\u00bbcenter\u00a0\u00bb global_colors_info=\u00a0\u00bb{}\u00a0\u00bb sticky_transition=\u00a0\u00bbon\u00a0\u00bb button_icon_default=\u00a0\u00bb&#xf2b6;||fa||900&Prime;]<\/p>\n<p>Nous concevons et imprimons les dossards uniquement.<\/p>\n<p>Frais d&rsquo;exp\u00e9dition en sus selon poids.<\/p>\n<p>[\/et_pb_pricing_table][et_pb_pricing_table featured=\u00a0\u00bbon\u00a0\u00bb title=\u00a0\u00bbDossards + Inscriptions\u00a0\u00bb subtitle=\u00a0\u00bbFourniture des dossards + gestion des inscriptions\u00a0\u00bb currency=\u00a0\u00bb\u20ac TTC\u00a0\u00bb sum=\u00a0\u00bb0,30&Prime; button_url=\u00a0\u00bb\/index.php\/contactez-nous\/\u00a0\u00bb button_text=\u00a0\u00bbContactez-nous\u00a0\u00bb _builder_version=\u00a0\u00bb4.17.4&Prime; _module_preset=\u00a0\u00bbdefault\u00a0\u00bb header_level=\u00a0\u00bbh2&Prime; custom_css_after=\u00a0\u00bb  \u00a0\u00bb custom_css_pricing_heading=\u00a0\u00bb    background-color: rgba(42,60,103,0.88);\u00a0\u00bb custom_css_pricing_item=\u00a0\u00bb \u00a0\u00bb global_colors_info=\u00a0\u00bb{}\u00a0\u00bb sticky_transition=\u00a0\u00bbon\u00a0\u00bb button_icon_default=\u00a0\u00bb&#xf2b6;||fa||900&Prime;]<strong>Profitez de notre offre combin\u00e9e dossards+inscriptions et b\u00e9n\u00e9ficiez d&rsquo;une remise de 25% sur le prix du dossard.<\/strong><br \/>\n<span>Frais d&rsquo;exp\u00e9dition en sus selon poids<\/span>[\/et_pb_pricing_table][et_pb_pricing_table title=\u00a0\u00bbGrande quantit\u00e9\u00a0\u00bb subtitle=\u00a0\u00bbPour des commandes de 3000 dossards et +\u00a0\u00bb sum=\u00a0\u00bbNous consultez\u00a0\u00bb button_url=\u00a0\u00bb\/index.php\/contactez-nous\/\u00a0\u00bb button_text=\u00a0\u00bbContactez-nous\u00a0\u00bb _builder_version=\u00a0\u00bb4.17.4&Prime; _module_preset=\u00a0\u00bbdefault\u00a0\u00bb price_font_size=\u00a0\u00bb26px\u00a0\u00bb global_colors_info=\u00a0\u00bb{}\u00a0\u00bb sticky_transition=\u00a0\u00bbon\u00a0\u00bb button_icon_default=\u00a0\u00bb&#xf2b6;||fa||900&Prime;]<\/p>\n<p>Vous souhaitez commander une grande quantit\u00e9 de dossards, nous pouvons \u00e9tudier un tarif d\u00e9gressif<\/p>\n<p>[\/et_pb_pricing_table][\/et_pb_pricing_tables][\/et_pb_column][\/et_pb_row][\/et_pb_section]<\/p>\n","protected":false},"excerpt":{"rendered":"<p>Tarif unique pour une personnalisation sans concessionUne Tarification adapt\u00e9e \u00e0 chaque besoinNous concevons et imprimons les dossards uniquement. Frais d&rsquo;exp\u00e9dition en sus selon poids.Profitez de notre offre combin\u00e9e dossards+inscriptions et b\u00e9n\u00e9ficiez d&rsquo;une remise de 25% sur le prix du dossard. Frais d&rsquo;exp\u00e9dition en sus selon poidsVous souhaitez commander une grande quantit\u00e9 de dossards, nous pouvons [&hellip;]<\/p>\n","protected":false},"author":1,"featured_media":0,"parent":0,"menu_order":0,"comment_status":"closed","ping_status":"closed","template":"","meta":{"_et_pb_use_builder":"on","_et_pb_old_content":"","_et_gb_content_width":"","footnotes":""},"folder":[],"class_list":["post-523","page","type-page","status-publish","hentry"],"_links":{"self":[{"href":"https:\/\/accueil.ledossard.com\/index.php\/wp-json\/wp\/v2\/pages\/523","targetHints":{"allow":["GET"]}}],"collection":[{"href":"https:\/\/accueil.ledossard.com\/index.php\/wp-json\/wp\/v2\/pages"}],"about":[{"href":"https:\/\/accueil.ledossard.com\/index.php\/wp-json\/wp\/v2\/types\/page"}],"author":[{"embeddable":true,"href":"https:\/\/accueil.ledossard.com\/index.php\/wp-json\/wp\/v2\/users\/1"}],"replies":[{"embeddable":true,"href":"https:\/\/accueil.ledossard.com\/index.php\/wp-json\/wp\/v2\/comments?post=523"}],"version-history":[{"count":30,"href":"https:\/\/accueil.ledossard.com\/index.php\/wp-json\/wp\/v2\/pages\/523\/revisions"}],"predecessor-version":[{"id":1359,"href":"https:\/\/accueil.ledossard.com\/index.php\/wp-json\/wp\/v2\/pages\/523\/revisions\/1359"}],"wp:attachment":[{"href":"https:\/\/accueil.ledossard.com\/index.php\/wp-json\/wp\/v2\/media?parent=523"}],"wp:term":[{"taxonomy":"folder","embeddable":true,"href":"https:\/\/accueil.ledossard.com\/index.php\/wp-json\/wp\/v2\/folder?post=523"}],"curies":[{"name":"wp","href":"https:\/\/api.w.org\/{rel}","templated":true}]}}