{"id":777,"date":"2022-05-26T15:26:38","date_gmt":"2022-05-26T14:26:38","guid":{"rendered":"https:\/\/beta.ledossard.com\/accueil\/?page_id=777"},"modified":"2026-01-27T15:07:47","modified_gmt":"2026-01-27T14:07:47","slug":"chonometrage","status":"publish","type":"page","link":"https:\/\/accueil.ledossard.com\/index.php\/chonometrage\/","title":{"rendered":"Chonom\u00e9trage"},"content":{"rendered":"<p>[et_pb_section fb_built=\u00a0\u00bb1&Prime; next_background_color=\u00a0\u00bb#ffffff\u00a0\u00bb admin_label=\u00a0\u00bbAccueil\u00a0\u00bb module_id=\u00a0\u00bbaccueil\u00a0\u00bb _builder_version=\u00a0\u00bb4.17.4&Prime; _module_preset=\u00a0\u00bbdefault\u00a0\u00bb background_image=\u00a0\u00bbhttps:\/\/accueil.ledossard.com\/wp-content\/uploads\/2022\/05\/chronometrage-RFID.jpg\u00a0\u00bb background_enable_mask_style=\u00a0\u00bbon\u00a0\u00bb background_mask_style=\u00a0\u00bbhoneycomb\u00a0\u00bb background_mask_size=\u00a0\u00bbcover\u00a0\u00bb vertical_offset=\u00a0\u00bb0px\u00a0\u00bb vertical_offset_tablet=\u00a0\u00bb-86px\u00a0\u00bb vertical_offset_phone=\u00a0\u00bb-86px\u00a0\u00bb vertical_offset_last_edited=\u00a0\u00bbon|desktop\u00a0\u00bb width=\u00a0\u00bb100%\u00a0\u00bb max_width=\u00a0\u00bb100%\u00a0\u00bb max_width_tablet=\u00a0\u00bb100%\u00a0\u00bb max_width_phone=\u00a0\u00bb100%\u00a0\u00bb max_width_last_edited=\u00a0\u00bbon|tablet\u00a0\u00bb module_alignment=\u00a0\u00bbright\u00a0\u00bb min_height=\u00a0\u00bb334px\u00a0\u00bb custom_margin=\u00a0\u00bb||||false|false\u00a0\u00bb custom_padding=\u00a0\u00bb||||false|false\u00a0\u00bb top_divider_color=\u00a0\u00bb#FFFFFF\u00a0\u00bb top_divider_height=\u00a0\u00bb307px\u00a0\u00bb top_divider_repeat=\u00a0\u00bb1x\u00a0\u00bb top_divider_height_tablet=\u00a0\u00bb178px\u00a0\u00bb top_divider_height_phone=\u00a0\u00bb145px\u00a0\u00bb top_divider_height_last_edited=\u00a0\u00bbon|phone\u00a0\u00bb bottom_divider_style=\u00a0\u00bbasymmetric\u00a0\u00bb bottom_divider_height=\u00a0\u00bb135px\u00a0\u00bb bottom_divider_flip=\u00a0\u00bbhorizontal\u00a0\u00bb background_last_edited=\u00a0\u00bbon|phone\u00a0\u00bb parallax_tablet=\u00a0\u00bboff\u00a0\u00bb parallax_phone=\u00a0\u00bboff\u00a0\u00bb background_size_tablet=\u00a0\u00bbcover\u00a0\u00bb background_size_phone=\u00a0\u00bbcover\u00a0\u00bb background_image_width_phone=\u00a0\u00bb85%\u00a0\u00bb background_image_height_phone=\u00a0\u00bb42%\u00a0\u00bb background_position_tablet=\u00a0\u00bbcenter\u00a0\u00bb background_position_phone=\u00a0\u00bbcenter\u00a0\u00bb background_horizontal_offset_tablet=\u00a0\u00bb0%\u00a0\u00bb background_horizontal_offset_phone=\u00a0\u00bb0%\u00a0\u00bb background_vertical_offset_tablet=\u00a0\u00bb0%\u00a0\u00bb background_vertical_offset_phone=\u00a0\u00bb0%\u00a0\u00bb background_enable_mask_style_tablet=\u00a0\u00bbon\u00a0\u00bb background_enable_mask_style_phone=\u00a0\u00bbon\u00a0\u00bb background_mask_style_tablet=\u00a0\u00bbwave\u00a0\u00bb background_mask_style_phone=\u00a0\u00bbwave\u00a0\u00bb background_mask_transform_tablet=\u00a0\u00bbinvert|rotate_90_degree|flip_horizontal\u00a0\u00bb background_mask_transform_phone=\u00a0\u00bbinvert|rotate_90_degree\u00a0\u00bb background_mask_aspect_ratio_phone=\u00a0\u00bblandscape\u00a0\u00bb background_mask_size_phone=\u00a0\u00bbcover\u00a0\u00bb background_mask_position_tablet=\u00a0\u00bbcenter\u00a0\u00bb da_popup_slug=\u00a0\u00bbaccueil\u00a0\u00bb da_disable_devices=\u00a0\u00bboff|off|off\u00a0\u00bb global_colors_info=\u00a0\u00bb{}\u00a0\u00bb da_is_popup=\u00a0\u00bboff\u00a0\u00bb da_exit_intent=\u00a0\u00bboff\u00a0\u00bb da_has_close=\u00a0\u00bbon\u00a0\u00bb da_alt_close=\u00a0\u00bboff\u00a0\u00bb da_dark_close=\u00a0\u00bboff\u00a0\u00bb da_not_modal=\u00a0\u00bbon\u00a0\u00bb da_is_singular=\u00a0\u00bboff\u00a0\u00bb da_with_loader=\u00a0\u00bboff\u00a0\u00bb da_has_shadow=\u00a0\u00bbon\u00a0\u00bb][et_pb_row column_structure=\u00a0\u00bb1_2,1_2&Prime; _builder_version=\u00a0\u00bb4.17.4&Prime; _module_preset=\u00a0\u00bbdefault\u00a0\u00bb width=\u00a0\u00bb100%\u00a0\u00bb max_width=\u00a0\u00bb100%\u00a0\u00bb min_height=\u00a0\u00bb470px\u00a0\u00bb min_height_tablet=\u00a0\u00bb420px\u00a0\u00bb min_height_phone=\u00a0\u00bbauto\u00a0\u00bb min_height_last_edited=\u00a0\u00bbon|phone\u00a0\u00bb global_colors_info=\u00a0\u00bb{}\u00a0\u00bb][et_pb_column type=\u00a0\u00bb1_2&Prime; _builder_version=\u00a0\u00bb4.17.3&Prime; _module_preset=\u00a0\u00bbdefault\u00a0\u00bb global_colors_info=\u00a0\u00bb{}\u00a0\u00bb][et_pb_blurb title=\u00a0\u00bbUn r\u00e9seau de chronom\u00e9treurs\u00a0\u00bb use_icon=\u00a0\u00bbon\u00a0\u00bb font_icon=\u00a0\u00bb&#xe06f;||fa||900&Prime; icon_color=\u00a0\u00bbrgba(5,63,96,0.67)\u00a0\u00bb image_icon_width=\u00a0\u00bb70px\u00a0\u00bb icon_placement_tablet=\u00a0\u00bb\u00a0\u00bb icon_placement_phone=\u00a0\u00bbleft\u00a0\u00bb icon_placement_last_edited=\u00a0\u00bbon|phone\u00a0\u00bb content_max_width_tablet=\u00a0\u00bb375px\u00a0\u00bb content_max_width_phone=\u00a0\u00bb375px\u00a0\u00bb content_max_width_last_edited=\u00a0\u00bbon|desktop\u00a0\u00bb admin_label=\u00a0\u00bbSlogan\u00a0\u00bb _builder_version=\u00a0\u00bb4.17.4&Prime; _module_preset=\u00a0\u00bbdefault\u00a0\u00bb header_font=\u00a0\u00bbAmiko|700|||||||\u00a0\u00bb header_font_size=\u00a0\u00bb40px\u00a0\u00bb body_font=\u00a0\u00bb|600|||||||\u00a0\u00bb body_font_size=\u00a0\u00bb20px\u00a0\u00bb image_icon_custom_padding=\u00a0\u00bb0px|||28px|false|false\u00a0\u00bb text_orientation=\u00a0\u00bbcenter\u00a0\u00bb min_height=\u00a0\u00bb366px\u00a0\u00bb height=\u00a0\u00bb352px\u00a0\u00bb custom_margin=\u00a0\u00bb39px|0px|0px|-57px|false|false\u00a0\u00bb custom_padding=\u00a0\u00bb||||false|false\u00a0\u00bb body_font_tablet=\u00a0\u00bb\u00a0\u00bb body_font_phone=\u00a0\u00bb\u00a0\u00bb body_font_last_edited=\u00a0\u00bbon|desktop\u00a0\u00bb border_radii_image=\u00a0\u00bbon|25%|25%|25%|25%\u00a0\u00bb border_width_all_image=\u00a0\u00bb0px\u00a0\u00bb global_colors_info=\u00a0\u00bb{}\u00a0\u00bb][\/et_pb_blurb][\/et_pb_column][et_pb_column type=\u00a0\u00bb1_2&Prime; _builder_version=\u00a0\u00bb4.17.4&Prime; _module_preset=\u00a0\u00bbdefault\u00a0\u00bb global_colors_info=\u00a0\u00bb{}\u00a0\u00bb][\/et_pb_column][\/et_pb_row][\/et_pb_section][et_pb_section fb_built=\u00a0\u00bb1&Prime; _builder_version=\u00a0\u00bb4.17.4&Prime; _module_preset=\u00a0\u00bbdefault\u00a0\u00bb custom_margin=\u00a0\u00bb0px||||false|false\u00a0\u00bb custom_padding=\u00a0\u00bb0px||||false|false\u00a0\u00bb da_disable_devices=\u00a0\u00bboff|off|off\u00a0\u00bb global_colors_info=\u00a0\u00bb{}\u00a0\u00bb da_is_popup=\u00a0\u00bboff\u00a0\u00bb da_exit_intent=\u00a0\u00bboff\u00a0\u00bb da_has_close=\u00a0\u00bbon\u00a0\u00bb da_alt_close=\u00a0\u00bboff\u00a0\u00bb da_dark_close=\u00a0\u00bboff\u00a0\u00bb da_not_modal=\u00a0\u00bbon\u00a0\u00bb da_is_singular=\u00a0\u00bboff\u00a0\u00bb da_with_loader=\u00a0\u00bboff\u00a0\u00bb da_has_shadow=\u00a0\u00bbon\u00a0\u00bb][et_pb_row _builder_version=\u00a0\u00bb4.17.4&Prime; _module_preset=\u00a0\u00bbdefault\u00a0\u00bb global_colors_info=\u00a0\u00bb{}\u00a0\u00bb][et_pb_column type=\u00a0\u00bb4_4&Prime; _builder_version=\u00a0\u00bb4.17.4&Prime; _module_preset=\u00a0\u00bbdefault\u00a0\u00bb global_colors_info=\u00a0\u00bb{}\u00a0\u00bb][et_pb_text _builder_version=\u00a0\u00bb4.17.4&Prime; _module_preset=\u00a0\u00bbdefault\u00a0\u00bb text_font=\u00a0\u00bb|600|||||||\u00a0\u00bb text_font_size=\u00a0\u00bb20px\u00a0\u00bb text_orientation=\u00a0\u00bbjustified\u00a0\u00bb global_colors_info=\u00a0\u00bb{}\u00a0\u00bb]<\/p>\n<p>En collaboration avec notre r\u00e9seau de chronom\u00e9treurs qui utilise notre solution en mode gestionnaire, nous avons mis au point plusieurs formules originales qui conviendront certainement \u00e0 votre \u00e9v\u00e8nement. Nous vous conseillons le chronom\u00e9treur au plus pr\u00e8s de votre \u00e9v\u00e9nement (France, Belgique, Luxembourg).<\/p>\n<p>[\/et_pb_text][\/et_pb_column][\/et_pb_row][et_pb_row _builder_version=\u00a0\u00bb4.17.4&Prime; _module_preset=\u00a0\u00bbdefault\u00a0\u00bb width=\u00a0\u00bb100%\u00a0\u00bb max_width=\u00a0\u00bb100%\u00a0\u00bb global_colors_info=\u00a0\u00bb{}\u00a0\u00bb][et_pb_column type=\u00a0\u00bb4_4&Prime; _builder_version=\u00a0\u00bb4.17.4&Prime; _module_preset=\u00a0\u00bbdefault\u00a0\u00bb global_colors_info=\u00a0\u00bb{}\u00a0\u00bb][et_pb_blurb title=\u00a0\u00bbTarifs\u00a0\u00bb use_icon=\u00a0\u00bbon\u00a0\u00bb font_icon=\u00a0\u00bb&#xf02c;||fa||900&Prime; icon_color=\u00a0\u00bbrgba(5,63,96,0.67)\u00a0\u00bb image_icon_width=\u00a0\u00bb70px\u00a0\u00bb admin_label=\u00a0\u00bbPour qui\u00a0\u00bb _builder_version=\u00a0\u00bb4.17.4&Prime; _module_preset=\u00a0\u00bbdefault\u00a0\u00bb header_font=\u00a0\u00bb|600|||||||\u00a0\u00bb header_text_color=\u00a0\u00bb#545454&Prime; header_font_size=\u00a0\u00bb50px\u00a0\u00bb body_font_size=\u00a0\u00bb20px\u00a0\u00bb text_orientation=\u00a0\u00bbcenter\u00a0\u00bb custom_padding=\u00a0\u00bb||0px|||\u00a0\u00bb border_radii_image=\u00a0\u00bbon|50%|50%|50%|50%\u00a0\u00bb border_color_all_image=\u00a0\u00bb#0C71C3&Prime; global_colors_info=\u00a0\u00bb{}\u00a0\u00bb]<\/p>\n<p>Une Tarification adapt\u00e9e \u00e0 chaque besoin (Tarifs hors taxes &#8211; TVA appliquable : 20%)<\/p>\n<p>[\/et_pb_blurb][\/et_pb_column][\/et_pb_row][et_pb_row _builder_version=\u00a0\u00bb4.17.4&Prime; _module_preset=\u00a0\u00bbdefault\u00a0\u00bb width=\u00a0\u00bb90%\u00a0\u00bb max_width=\u00a0\u00bb100%\u00a0\u00bb min_height=\u00a0\u00bb963px\u00a0\u00bb global_colors_info=\u00a0\u00bb{}\u00a0\u00bb][et_pb_column type=\u00a0\u00bb4_4&Prime; _builder_version=\u00a0\u00bb4.17.4&Prime; _module_preset=\u00a0\u00bbdefault\u00a0\u00bb global_colors_info=\u00a0\u00bb{}\u00a0\u00bb][et_pb_pricing_tables _builder_version=\u00a0\u00bb4.27.5&Prime; _module_preset=\u00a0\u00bbdefault\u00a0\u00bb header_line_height=\u00a0\u00bb1.2em\u00a0\u00bb currency_frequency_font_size=\u00a0\u00bb13px\u00a0\u00bb currency_frequency_line_height=\u00a0\u00bb1.2em\u00a0\u00bb custom_button=\u00a0\u00bbon\u00a0\u00bb button_text_size=\u00a0\u00bb100%\u00a0\u00bb button_text_color=\u00a0\u00bb#000000&Prime; button_border_radius=\u00a0\u00bb50px\u00a0\u00bb button_icon=\u00a0\u00bb&#xf2b6;||fa||900&Prime; button_icon_placement=\u00a0\u00bbleft\u00a0\u00bb button_on_hover=\u00a0\u00bboff\u00a0\u00bb button_alignment=\u00a0\u00bbcenter\u00a0\u00bb hover_enabled=\u00a0\u00bb0&Prime; global_colors_info=\u00a0\u00bb{}\u00a0\u00bb sticky_enabled=\u00a0\u00bb0&Prime;][et_pb_pricing_table featured=\u00a0\u00bbon\u00a0\u00bb title=\u00a0\u00bbChronom\u00e9trage avec dossards r\u00e9utilisables\u00a0\u00bb subtitle=\u00a0\u00bbFormule \u00e9conomique et plus respectueuse de l&rsquo;environnement\u00a0\u00bb currency=\u00a0\u00bbHT\u00a0\u00bb per=\u00a0\u00bbdossard\u00a0\u00bb sum=\u00a0\u00bb1,40\u20ac\u00a0\u00bb button_url=\u00a0\u00bb\/index.php\/contactez-nous\/\u00a0\u00bb button_text=\u00a0\u00bbContactez-nous\u00a0\u00bb _builder_version=\u00a0\u00bb4.17.4&Prime; _module_preset=\u00a0\u00bbdefault\u00a0\u00bb header_level=\u00a0\u00bbh2&Prime; body_text_align=\u00a0\u00bbjustify\u00a0\u00bb body_font_size=\u00a0\u00bb20px\u00a0\u00bb custom_css_after=\u00a0\u00bb  \u00a0\u00bb custom_css_pricing_heading=\u00a0\u00bb    background-color: rgba(42,60,103,0.88);\u00a0\u00bb custom_css_pricing_item=\u00a0\u00bb \u00a0\u00bb global_colors_info=\u00a0\u00bb{}\u00a0\u00bb sticky_transition=\u00a0\u00bbon\u00a0\u00bb button_icon_default=\u00a0\u00bb&#xf2b6;||fa||900&Prime;]<\/p>\n<p>Intervention sur le lieu de l&rsquo;\u00e9v\u00e8nement d&rsquo;un chronom\u00e9treur professionnel avec 5 heures de prestations incluses.<\/p>\n<p>Fourniture des dossards r\u00e9utilisables \u00e0 r\u00e9cup\u00e9rer en fin d&rsquo;\u00e9v\u00e8nement<\/p>\n<p>Frais de d\u00e9placement inclus pour les 100 premiers kms<\/p>\n<p>Affichage des r\u00e9sultats en live, sur \u00e9cran et impression papier<\/p>\n<p style=\"text-align: center;\">\u00a0<strong>Minimun 250 dossards<\/strong><\/p>\n<p>[\/et_pb_pricing_table][et_pb_pricing_table title=\u00a0\u00bbChronom\u00e9trage avec dossards \u00e0 usage unique\u00a0\u00bb subtitle=\u00a0\u00bbPossibilit\u00e9 de personnaliser les dossards puc\u00e9s\u00a0\u00bb currency=\u00a0\u00bbHT\u00a0\u00bb per=\u00a0\u00bbdossard\u00a0\u00bb sum=\u00a0\u00bb1,80\u20ac\u00a0\u00bb button_url=\u00a0\u00bb\/index.php\/contactez-nous\/\u00a0\u00bb button_text=\u00a0\u00bbContactez-nous\u00a0\u00bb _builder_version=\u00a0\u00bb4.17.4&Prime; _module_preset=\u00a0\u00bbdefault\u00a0\u00bb body_text_align=\u00a0\u00bbjustify\u00a0\u00bb body_font_size=\u00a0\u00bb20px\u00a0\u00bb global_colors_info=\u00a0\u00bb{}\u00a0\u00bb sticky_transition=\u00a0\u00bbon\u00a0\u00bb button_icon_default=\u00a0\u00bb&#xf2b6;||fa||900&Prime;]<\/p>\n<p>Intervention sur le lieu de l&rsquo;\u00e9v\u00e8nement d&rsquo;un chronom\u00e9treur professionnel avec 5 heures de prestations incluses.<\/p>\n<p>Fourniture des dossards personnalis\u00e9s<\/p>\n<p>Frais de d\u00e9placement inclus pour les 100 premiers kms<\/p>\n<p>Affichage des r\u00e9sultats en live, sur \u00e9cran et impression papier<\/p>\n<p style=\"text-align: center;\">\u00a0<strong>Minimun 300 dossards<\/strong><\/p>\n<p>[\/et_pb_pricing_table][et_pb_pricing_table featured=\u00a0\u00bbon\u00a0\u00bb title=\u00a0\u00bbChronom\u00e9trage grands \u00e9v\u00e8nements\u00a0\u00bb subtitle=\u00a0\u00bbFormule adapt\u00e9e aux \u00e9v\u00e8nements de plus de 1000 partants\u00a0\u00bb sum=\u00a0\u00bbNous consulter\u00a0\u00bb button_url=\u00a0\u00bb\/index.php\/contactez-nous\/\u00a0\u00bb button_text=\u00a0\u00bbContactez-nous\u00a0\u00bb _builder_version=\u00a0\u00bb4.17.4&Prime; _module_preset=\u00a0\u00bbdefault\u00a0\u00bb header_level=\u00a0\u00bbh2&Prime; body_text_align=\u00a0\u00bbjustify\u00a0\u00bb body_font_size=\u00a0\u00bb20px\u00a0\u00bb price_font_size=\u00a0\u00bb30px\u00a0\u00bb button_alignment=\u00a0\u00bbcenter\u00a0\u00bb global_colors_info=\u00a0\u00bb{}\u00a0\u00bb sticky_transition=\u00a0\u00bbon\u00a0\u00bb button_icon_default=\u00a0\u00bb&#xf2b6;||fa||900&Prime;]<\/p>\n<p><span>Intervention sur le lieu de l&rsquo;\u00e9v\u00e9nement avec le nombre d&rsquo;heures n\u00e9cessaires \u00e0 ce type d&rsquo;\u00e9v\u00e8nement<\/span><\/p>\n<p><span>Temps interm\u00e9diaires, lignes de d\u00e9tection suppl\u00e9mentaires<\/span><\/p>\n<p><span>Frais de d\u00e9placement inclus pour les 100 premiers kms.<\/span><\/p>\n<p><span>Affichage des r\u00e9sultats en live, sur \u00e9cran et impression papier.<\/span><\/p>\n<p><span>Nombreuses options suppl\u00e9mentaires en fonction du lieu de l&rsquo;\u00e9v\u00e8nement (location \u00e9cran g\u00e9ant, douches, parc \u00e0 v\u00e9lo etc &#8230;)<\/span><\/p>\n<p>[\/et_pb_pricing_table][\/et_pb_pricing_tables][\/et_pb_column][\/et_pb_row][\/et_pb_section]<\/p>\n","protected":false},"excerpt":{"rendered":"<p>En collaboration avec notre r\u00e9seau de chronom\u00e9treurs qui utilise notre solution en mode gestionnaire, nous avons mis au point plusieurs formules originales qui conviendront certainement \u00e0 votre \u00e9v\u00e8nement. Nous vous conseillons le chronom\u00e9treur au plus pr\u00e8s de votre \u00e9v\u00e9nement (France, Belgique, Luxembourg).Une Tarification adapt\u00e9e \u00e0 chaque besoin (Tarifs hors taxes &#8211; TVA appliquable : 20%)Intervention [&hellip;]<\/p>\n","protected":false},"author":1,"featured_media":0,"parent":0,"menu_order":0,"comment_status":"closed","ping_status":"closed","template":"","meta":{"_et_pb_use_builder":"on","_et_pb_old_content":"","_et_gb_content_width":"","footnotes":""},"folder":[],"class_list":["post-777","page","type-page","status-publish","hentry"],"_links":{"self":[{"href":"https:\/\/accueil.ledossard.com\/index.php\/wp-json\/wp\/v2\/pages\/777","targetHints":{"allow":["GET"]}}],"collection":[{"href":"https:\/\/accueil.ledossard.com\/index.php\/wp-json\/wp\/v2\/pages"}],"about":[{"href":"https:\/\/accueil.ledossard.com\/index.php\/wp-json\/wp\/v2\/types\/page"}],"author":[{"embeddable":true,"href":"https:\/\/accueil.ledossard.com\/index.php\/wp-json\/wp\/v2\/users\/1"}],"replies":[{"embeddable":true,"href":"https:\/\/accueil.ledossard.com\/index.php\/wp-json\/wp\/v2\/comments?post=777"}],"version-history":[{"count":27,"href":"https:\/\/accueil.ledossard.com\/index.php\/wp-json\/wp\/v2\/pages\/777\/revisions"}],"predecessor-version":[{"id":1440,"href":"https:\/\/accueil.ledossard.com\/index.php\/wp-json\/wp\/v2\/pages\/777\/revisions\/1440"}],"wp:attachment":[{"href":"https:\/\/accueil.ledossard.com\/index.php\/wp-json\/wp\/v2\/media?parent=777"}],"wp:term":[{"taxonomy":"folder","embeddable":true,"href":"https:\/\/accueil.ledossard.com\/index.php\/wp-json\/wp\/v2\/folder?post=777"}],"curies":[{"name":"wp","href":"https:\/\/api.w.org\/{rel}","templated":true}]}}